{"id":37,"date":"2015-10-19T17:29:14","date_gmt":"2015-10-19T17:29:14","guid":{"rendered":"http:\/\/192.168.1.107:8888\/fridge\/?page_id=37"},"modified":"2026-03-12T00:07:40","modified_gmt":"2026-03-11T23:07:40","slug":"make-your-ibiza-holiday-easy-with-easybiza-full-fridge-home-delivery","status":"publish","type":"page","link":"https:\/\/www.easybiza.com\/de\/about-easybiza\/","title":{"rendered":"about <b>easybiza<\/b>"},"content":{"rendered":"<p>Seit 11 Jahren sind wir Ibizas bester One-Stop-Shop f\u00fcr hochwertige Lebensmittellieverung, eine vielf\u00e4ltige Getr\u00e4nkeauswahllieferung und unsere exzellente Weinkarte \u2013 f\u00fcr lieferung der beste Weinauswahlauf Ibiza.<\/p>\n<p>Wir, die Gr\u00fcnder von easybiza, leben seit 16 Jahren auf Ibiza und stammen urspr\u00fcnglich aus den Niederlanden. Wir sprechen Englisch, Deutsch, Spanisch und nat\u00fcrlich Niederl\u00e4ndisch. Und seit 11 Jahren sorgen wir daf\u00fcr, dass unsere Kunden ihren Urlaub so easy wie m\u00f6glich genie\u00dfen k\u00f6nnen.<\/p>\n<p>Mit easybiza k\u00f6nnen Sie sich entspannt zur\u00fccklehnen und sofort Ihren wohlverdienten Urlaub genie\u00dfen, denn K\u00fchlschrank und K\u00fcche sind mit den Produkten Ihrer Wahl gef\u00fcllt. Ohne alle Gesch\u00e4fte selbst suchen zu m\u00fcssen.<\/p>\n<p>Wie funktioniert es? Auf der Seite \u201eAlle Produkte\u201c haben wir wundersch\u00f6ne Produkte von einer Vielzahl lokaler Lieferanten (Feinkostl\u00e4den, Metzger, Landwirte, Superm\u00e4rkte und Weinhandlungen) zur Auswahl ausgew\u00e4hlt. W\u00e4hlen Sie einfach bequem vom Sofa aus die Produkte aus, die Sie in den Warenkorb legen m\u00f6chten.<\/p>\n<p>Beim Abschluss der Bestellung bitten wir Sie, Ihren Namen, Ihre E-Mail-Adresse, Ihre Mobil nummer, Datum und Uhrzeit Ihrer Ankunft, den Namen der Villa und die Kontaktperson der Villa anzugeben.<br \/>\nWir senden Ihnen dann die Rechnung und den Weblink zur Zahlung per E-Mail zu. Sobald Ihre Zahlung bei uns eingegangen ist, erhalten Sie unsere endg\u00fcltige Best\u00e4tigung und easybiza f\u00fcllt den K\u00fchlschrank vor Ihrer Ibiza Ankunft auf.<br \/>\nWeitere Informationen finden Sie in unseren Allgemeinen Gesch\u00e4ftsbedingungen.<\/p>\n<p>Auch w\u00e4hrend Ihres Urlaubs k\u00f6nnen Sie eine Bestellung aufgeben. Wiederholen Sie den Vorgang und wir werden Sie kontaktieren, um einen Lieferzeitpunkt zu vereinbaren.<br \/>\nBei Bestellungen innerhalb von 24 Stunden f\u00e4llt ein Zuschlag von 20\u20ac an und dies ist nur nach telefonischer R\u00fccksprache m\u00f6glich.<\/p>\n<p>Wenn Sie Fragen zu unserem Angebot oder Service haben, k\u00f6nnen Sie uns gerne per E-Mail, \u00fcber die Kontaktseite, WhatsApp oder Telefon kontaktieren.<\/p>\n<p>Wir w\u00fcnschen Ihnen schon jetzt viel Urlaubsfreude!<\/p>\n<p>Saludos cordiales, sonnige Gr\u00fc\u00dfe,<br \/>\n<strong>easybiza full fridge<\/strong><br \/>\nRoy Asbreak<\/p>","protected":false},"excerpt":{"rendered":"<p>Seit 11 Jahren sind wir Ibizas bester One-Stop-Shop f\u00fcr hochwertige Lebensmittellieverung, eine vielf\u00e4ltige Getr\u00e4nkeauswahllieferung und unsere exzellente Weinkarte \u2013 f\u00fcr lieferung der beste Weinauswahlauf Ibiza. Wir, die Gr\u00fcnder von easybiza,<\/p>\n<p><a class=\"read-more\" href=\"https:\/\/www.easybiza.com\/de\/about-easybiza\/\">Read more \u00bb<\/a><\/p>\n","protected":false},"author":2,"featured_media":216,"parent":0,"menu_order":0,"comment_status":"closed","ping_status":"closed","template":"page-about.php","meta":{"footnotes":""},"class_list":["post-37","page","type-page","status-publish","has-post-thumbnail","hentry"],"yoast_head":"<!-- This site is optimized with the Yoast SEO plugin v27.1.1 - https:\/\/yoast.com\/product\/yoast-seo-wordpress\/ -->\n<title>about easybiza - Easybiza Ibiza Full Fridge Service<\/title>\n<meta name=\"description\" content=\"We deliver food wine drinks on Ibiza. Order Online so the fridge in your villa is stocked up. Enjoy your Ibiza holiday with easybiza.\" \/>\n<meta name=\"robots\" content=\"index, follow, max-snippet:-1, max-image-preview:large, max-video-preview:-1\" \/>\n<link rel=\"canonical\" href=\"https:\/\/www.easybiza.com\/about-easybiza\/\" \/>\n<meta property=\"og:locale\" content=\"de_DE\" \/>\n<meta property=\"og:type\" content=\"article\" \/>\n<meta property=\"og:title\" content=\"about easybiza - Easybiza Ibiza Full Fridge Service\" \/>\n<meta property=\"og:description\" content=\"We deliver food wine drinks on Ibiza. Order Online so the fridge in your villa is stocked up. Enjoy your Ibiza holiday with easybiza.\" \/>\n<meta property=\"og:url\" content=\"https:\/\/www.easybiza.com\/about-easybiza\/\" \/>\n<meta property=\"og:site_name\" content=\"Easybiza Ibiza Full Fridge Service\" \/>\n<meta property=\"article:modified_time\" content=\"2026-03-11T23:07:40+00:00\" \/>\n<meta property=\"og:image\" content=\"https:\/\/www.easybiza.com\/wp-content\/uploads\/2015\/10\/easyibiza-full-fridge-service-ibiza.jpg\" \/>\n\t<meta property=\"og:image:width\" content=\"454\" \/>\n\t<meta property=\"og:image:height\" content=\"680\" \/>\n\t<meta property=\"og:image:type\" content=\"image\/jpeg\" \/>\n<meta name=\"twitter:card\" content=\"summary_large_image\" \/>\n<meta name=\"twitter:label1\" content=\"Gesch\u00e4tzte Lesezeit\" \/>\n\t<meta name=\"twitter:data1\" content=\"2\u00a0Minuten\" \/>\n<script type=\"application\/ld+json\" class=\"yoast-schema-graph\">{\"@context\":\"https:\/\/schema.org\",\"@graph\":[{\"@type\":\"WebPage\",\"@id\":\"https:\/\/www.easybiza.com\/about-easybiza\/\",\"url\":\"https:\/\/www.easybiza.com\/about-easybiza\/\",\"name\":\"about easybiza - Easybiza Ibiza Full Fridge Service\",\"isPartOf\":{\"@id\":\"https:\/\/www.easybiza.com\/#website\"},\"primaryImageOfPage\":{\"@id\":\"https:\/\/www.easybiza.com\/about-easybiza\/#primaryimage\"},\"image\":{\"@id\":\"https:\/\/www.easybiza.com\/about-easybiza\/#primaryimage\"},\"thumbnailUrl\":\"https:\/\/www.easybiza.com\/wp-content\/uploads\/2015\/10\/easyibiza-full-fridge-service-ibiza.jpg\",\"datePublished\":\"2015-10-19T17:29:14+00:00\",\"dateModified\":\"2026-03-11T23:07:40+00:00\",\"description\":\"We deliver food wine drinks on Ibiza. Order Online so the fridge in your villa is stocked up. Enjoy your Ibiza holiday with easybiza.\",\"breadcrumb\":{\"@id\":\"https:\/\/www.easybiza.com\/about-easybiza\/#breadcrumb\"},\"inLanguage\":\"de\",\"potentialAction\":[{\"@type\":\"ReadAction\",\"target\":[\"https:\/\/www.easybiza.com\/about-easybiza\/\"]}]},{\"@type\":\"ImageObject\",\"inLanguage\":\"de\",\"@id\":\"https:\/\/www.easybiza.com\/about-easybiza\/#primaryimage\",\"url\":\"https:\/\/www.easybiza.com\/wp-content\/uploads\/2015\/10\/easyibiza-full-fridge-service-ibiza.jpg\",\"contentUrl\":\"https:\/\/www.easybiza.com\/wp-content\/uploads\/2015\/10\/easyibiza-full-fridge-service-ibiza.jpg\",\"width\":454,\"height\":680},{\"@type\":\"BreadcrumbList\",\"@id\":\"https:\/\/www.easybiza.com\/about-easybiza\/#breadcrumb\",\"itemListElement\":[{\"@type\":\"ListItem\",\"position\":1,\"name\":\"Home\",\"item\":\"https:\/\/www.easybiza.com\/\"},{\"@type\":\"ListItem\",\"position\":2,\"name\":\"about easybiza\"}]},{\"@type\":\"WebSite\",\"@id\":\"https:\/\/www.easybiza.com\/#website\",\"url\":\"https:\/\/www.easybiza.com\/\",\"name\":\"Easybiza Ibiza Full Fridge Service\",\"description\":\"Let us make your holiday easy!\",\"potentialAction\":[{\"@type\":\"SearchAction\",\"target\":{\"@type\":\"EntryPoint\",\"urlTemplate\":\"https:\/\/www.easybiza.com\/?s={search_term_string}\"},\"query-input\":{\"@type\":\"PropertyValueSpecification\",\"valueRequired\":true,\"valueName\":\"search_term_string\"}}],\"inLanguage\":\"de\"}]}<\/script>\n<!-- \/ Yoast SEO plugin. -->","yoast_head_json":{"title":"about easybiza - Easybiza Ibiza Full Fridge Service","description":"We deliver food wine drinks on Ibiza. Order Online so the fridge in your villa is stocked up. Enjoy your Ibiza holiday with easybiza.","robots":{"index":"index","follow":"follow","max-snippet":"max-snippet:-1","max-image-preview":"max-image-preview:large","max-video-preview":"max-video-preview:-1"},"canonical":"https:\/\/www.easybiza.com\/about-easybiza\/","og_locale":"de_DE","og_type":"article","og_title":"about easybiza - Easybiza Ibiza Full Fridge Service","og_description":"We deliver food wine drinks on Ibiza. Order Online so the fridge in your villa is stocked up. Enjoy your Ibiza holiday with easybiza.","og_url":"https:\/\/www.easybiza.com\/about-easybiza\/","og_site_name":"Easybiza Ibiza Full Fridge Service","article_modified_time":"2026-03-11T23:07:40+00:00","og_image":[{"width":454,"height":680,"url":"https:\/\/www.easybiza.com\/wp-content\/uploads\/2015\/10\/easyibiza-full-fridge-service-ibiza.jpg","type":"image\/jpeg"}],"twitter_card":"summary_large_image","twitter_misc":{"Gesch\u00e4tzte Lesezeit":"2\u00a0Minuten"},"schema":{"@context":"https:\/\/schema.org","@graph":[{"@type":"WebPage","@id":"https:\/\/www.easybiza.com\/about-easybiza\/","url":"https:\/\/www.easybiza.com\/about-easybiza\/","name":"about easybiza - Easybiza Ibiza Full Fridge Service","isPartOf":{"@id":"https:\/\/www.easybiza.com\/#website"},"primaryImageOfPage":{"@id":"https:\/\/www.easybiza.com\/about-easybiza\/#primaryimage"},"image":{"@id":"https:\/\/www.easybiza.com\/about-easybiza\/#primaryimage"},"thumbnailUrl":"https:\/\/www.easybiza.com\/wp-content\/uploads\/2015\/10\/easyibiza-full-fridge-service-ibiza.jpg","datePublished":"2015-10-19T17:29:14+00:00","dateModified":"2026-03-11T23:07:40+00:00","description":"We deliver food wine drinks on Ibiza. Order Online so the fridge in your villa is stocked up. Enjoy your Ibiza holiday with easybiza.","breadcrumb":{"@id":"https:\/\/www.easybiza.com\/about-easybiza\/#breadcrumb"},"inLanguage":"de","potentialAction":[{"@type":"ReadAction","target":["https:\/\/www.easybiza.com\/about-easybiza\/"]}]},{"@type":"ImageObject","inLanguage":"de","@id":"https:\/\/www.easybiza.com\/about-easybiza\/#primaryimage","url":"https:\/\/www.easybiza.com\/wp-content\/uploads\/2015\/10\/easyibiza-full-fridge-service-ibiza.jpg","contentUrl":"https:\/\/www.easybiza.com\/wp-content\/uploads\/2015\/10\/easyibiza-full-fridge-service-ibiza.jpg","width":454,"height":680},{"@type":"BreadcrumbList","@id":"https:\/\/www.easybiza.com\/about-easybiza\/#breadcrumb","itemListElement":[{"@type":"ListItem","position":1,"name":"Home","item":"https:\/\/www.easybiza.com\/"},{"@type":"ListItem","position":2,"name":"about easybiza"}]},{"@type":"WebSite","@id":"https:\/\/www.easybiza.com\/#website","url":"https:\/\/www.easybiza.com\/","name":"Easybiza Ibiza Full Fridge Service","description":"Let us make your holiday easy!","potentialAction":[{"@type":"SearchAction","target":{"@type":"EntryPoint","urlTemplate":"https:\/\/www.easybiza.com\/?s={search_term_string}"},"query-input":{"@type":"PropertyValueSpecification","valueRequired":true,"valueName":"search_term_string"}}],"inLanguage":"de"}]}},"acf":[],"_links":{"self":[{"href":"https:\/\/www.easybiza.com\/de\/wp-json\/wp\/v2\/pages\/37","targetHints":{"allow":["GET"]}}],"collection":[{"href":"https:\/\/www.easybiza.com\/de\/wp-json\/wp\/v2\/pages"}],"about":[{"href":"https:\/\/www.easybiza.com\/de\/wp-json\/wp\/v2\/types\/page"}],"author":[{"embeddable":true,"href":"https:\/\/www.easybiza.com\/de\/wp-json\/wp\/v2\/users\/2"}],"replies":[{"embeddable":true,"href":"https:\/\/www.easybiza.com\/de\/wp-json\/wp\/v2\/comments?post=37"}],"version-history":[{"count":75,"href":"https:\/\/www.easybiza.com\/de\/wp-json\/wp\/v2\/pages\/37\/revisions"}],"predecessor-version":[{"id":1644,"href":"https:\/\/www.easybiza.com\/de\/wp-json\/wp\/v2\/pages\/37\/revisions\/1644"}],"wp:featuredmedia":[{"embeddable":true,"href":"https:\/\/www.easybiza.com\/de\/wp-json\/wp\/v2\/media\/216"}],"wp:attachment":[{"href":"https:\/\/www.easybiza.com\/de\/wp-json\/wp\/v2\/media?parent=37"}],"curies":[{"name":"wp","href":"https:\/\/api.w.org\/{rel}","templated":true}]}}